{"id":51,"date":"2020-01-28T21:43:29","date_gmt":"2020-01-28T21:43:29","guid":{"rendered":"https:\/\/www.congento.com\/de\/?page_id=51"},"modified":"2024-04-25T08:49:38","modified_gmt":"2024-04-25T08:49:38","slug":"impressumm","status":"publish","type":"page","link":"https:\/\/www.congento.com\/de\/impressumm\/","title":{"rendered":"Impressum"},"content":{"rendered":"\n<h3 class=\"wp-block-heading\">Haftung f\u00fcr Inhalte<\/h3>\n\n\n\n<p>Die auf den Web-Seiten abrufbaren Beitr\u00e4ge dienen nur der allgemeinen\n Information und nicht der Beratung in konkreten F\u00e4llen. Wir sind \nbem\u00fcht, f\u00fcr die Richtigkeit und Aktualit\u00e4t aller auf der Website \nenthaltenen Informationen und Daten gem\u00e4\u00df \u00a7 7 Abs.1 TMG zu sorgen. F\u00fcr \ndie Korrektheit, die Vollst\u00e4ndigkeit, die Aktualit\u00e4t oder Qualit\u00e4t der \nbereitgestellten Informationen und Daten wird jedoch keine Gew\u00e4hr nach \u00a7\n 8 bis 10 TMG \u00fcbernommen. Die Haftung f\u00fcr den Inhalt der abrufbaren \nInformationen wird ausgeschlossen, soweit es sich nicht um vors\u00e4tzliche \noder grob fahrl\u00e4ssige Falschinformation handelt. Verpflichtungen zur \nEntfernung oder Sperrung der Nutzung von Informationen nach den \nallgemeinen Gesetzen bleiben hiervon unber\u00fchrt. Eine diesbez\u00fcgliche \nHaftung ist jedoch erst ab dem Zeitpunkt der Kenntnis einer konkreten \nRechtsverletzung m\u00f6glich. Bei Bekanntwerden von entsprechenden \nRechtsverletzungen werden wir diese Inhalte umgehend entfernen.<\/p>\n\n\n\n<h3 class=\"wp-block-heading\">Haftung f\u00fcr Links<\/h3>\n\n\n\n<p>Wir sind f\u00fcr den Inhalt von Webseiten, die \u00fcber einen Hyperlink \nerreicht werden, nicht verantwortlich. F\u00fcr den Inhalt der verlinkten \nSeiten sind ausschlie\u00dflich deren Betreiber verantwortlich. Wir machen \nuns die Inhalte dieser Internetseiten ausdr\u00fccklich nicht zu eigen und \nk\u00f6nnen deshalb f\u00fcr die inhaltliche Korrektheit, Vollst\u00e4ndigkeit und \nVerf\u00fcgbarkeit keine Gew\u00e4hr leisten. Wir haben bei der erstmaligen \nVerkn\u00fcpfung zwar den fremden Inhalt daraufhin \u00fcberpr\u00fcft, ob durch ihn \neine m\u00f6gliche zivilrechtliche oder strafrechtliche Verantwortlichkeit \nausgel\u00f6st wird. Wir sind aber nicht dazu verpflichtet, die Inhalte, auf \ndie wir unserem Angebot verweisen, st\u00e4ndig auf Ver\u00e4nderungen zu \n\u00fcberpr\u00fcfen, die eine Verantwortlichkeit neu begr\u00fcnden k\u00f6nnten. Erst wenn\n wir feststellen oder von anderen darauf hingewiesen werden, dass ein \nkonkretes Angebot, zu dem wir einen Link bereitgestellt haben, eine \nzivil- oder strafrechtliche Verantwortlichkeit ausl\u00f6st, werden wir den \nVerweis auf dieses Angebot aufheben, soweit uns dies technisch m\u00f6glich \nund zumutbar ist.<\/p>\n\n\n\n<h3 class=\"wp-block-heading\">Urheberrecht<\/h3>\n\n\n\n<p>Die durch den Betreiber dieser Seite erstellten Inhalte und Werke auf\n diesen Webseiten unterliegen dem deutschen Urheberrecht. S\u00e4mtliche \nBeitr\u00e4ge Dritter sind als solche gekennzeichnet. Die Vervielf\u00e4ltigung, \nBearbeitung, Verbreitung und jede Art der Verwertung au\u00dferhalb der \nGrenzen des Urheberrechts bed\u00fcrfen der schriftlichen Zustimmung des \njeweiligen Autors bzw. Erstellers. Kopien von diesen Seiten sind nur f\u00fcr\n den privaten Bereich gestattet, nicht jedoch f\u00fcr kommerzielle Zwecke.<\/p>\n\n\n\n<h3 class=\"wp-block-heading\">Datenschutz<\/h3>\n\n\n\n<p>Die Nutzung unserer Webseite ist in der Regel ohne Angabe \npersonenbezogener Daten m\u00f6glich. Soweit auf unseren Seiten \npersonenbezogene Daten (beispielsweise Name, Anschrift oder \nE-Mail-Adressen) erhoben werden, erfolgt dies, soweit m\u00f6glich, stets auf\n freiwilliger Basis. Diese Daten werden ohne Ihre ausdr\u00fcckliche \nZustimmung nicht an Dritte weitergegeben. <\/p>\n\n\n\n<p>In Verbindung mit Ihrem Zugriff werden in unserem Server f\u00fcr Zwecke \nder Datensicherheit vor\u00fcbergehend Daten gespeichert, die m\u00f6glicherweise \neine Identifizierung zulassen (zum Beispiel IP-Adresse, Datum, Uhrzeit \nund Name der angeforderten Datei). Eine Auswertung, mit Ausnahme f\u00fcr \nstatistische Zwecke in anonymisierter Form, erfolgt nicht.<\/p>\n\n\n\n<p>Sollten Sie mit uns \u00fcber das Kontaktformular Kontakt aufnehmen, \nben\u00f6tigen wir von Ihnen Name, E-Mail-Adresse sowie Angaben zum \nKontaktwunsch. So k\u00f6nnen wir Ihren Kontaktwunsch bearbeiten. Diese Daten\n werden f\u00fcr die Dauer der Kontaktabwicklung in elektronischer Form \ngespeichert. Eine weitergehende Nutzung personenbezogener Daten oder \neine Weitergabe an Dritte erfolgt ohne Ihre ausdr\u00fcckliche Einwilligung \nnicht.<\/p>\n\n\n\n<p>Mit der Kontaktaufnahme willigen Sie in die genannte Verarbeitung \nIhrer personenbezogenen Daten ein, soweit dies f\u00fcr den Zweck des \nVertrages erforderlich ist. Sie k\u00f6nnen diese Einwilligung schriftlich \noder per E-Mail uns gegen\u00fcber jederzeit mit Wirkung f\u00fcr die Zukunft \nwiderrufen.<\/p>\n\n\n\n<h3 class=\"wp-block-heading\">Datenschutzerkl\u00e4rung f\u00fcr die Nutzung von Facebook-Plugins (Like-Button)<\/h3>\n\n\n\n<p>Auf unseren Seiten sind Plugins des sozialen Netzwerks Facebook, 1601\n South California Avenue, Palo Alto, CA 94304, USA integriert. Die \nFacebook-Plugins erkennen Sie an dem Facebook-Logo oder dem \n\u201cLike-Button\u201d (\u201cGef\u00e4llt mir\u201d) auf unserer Seite. Eine \u00dcbersicht \u00fcber die\n Facebook-Plugins finden Sie hier: \nhttp:\/\/developers.facebook.com\/docs\/plugins\/. Wenn Sie unsere Seiten \nbesuchen, wird \u00fcber das Plugin eine direkte Verbindung zwischen Ihrem \nBrowser und dem Facebook-Server hergestellt. Facebook erh\u00e4lt dadurch die\n Information, dass Sie mit Ihrer IP-Adresse unsere Seite besucht haben.<\/p>\n\n\n\n<p>Wenn Sie den Facebook \u201cLike-Button\u201d anklicken w\u00e4hrend Sie in Ihrem \nFacebook-Account eingeloggt sind, k\u00f6nnen Sie die Inhalte unserer Seiten \nauf Ihrem Facebook-Profil verlinken. Dadurch kann Facebook den Besuch \nunserer Seiten Ihrem Benutzerkonto zuordnen. Wir weisen darauf hin, dass\n wir als Anbieter der Seiten keine Kenntnis vom Inhalt der \u00fcbermittelten\n Daten sowie deren Nutzung durch Facebook erhalten. Weitere \nInformationen hierzu finden Sie in der Datenschutzerkl\u00e4rung von facebook\n unter http:\/\/de-de.facebook.com\/policy.php Wenn Sie nicht w\u00fcnschen, \ndass Facebook den Besuch unserer Seiten Ihrem Facebook-Nutzerkonto \nzuordnen kann, loggen Sie sich bitte aus Ihrem Facebook-Benutzerkonto \naus.<\/p>\n\n\n\n<h3 class=\"wp-block-heading\">Datenschutzerkl\u00e4rung f\u00fcr die Nutzung von Twitter<\/h3>\n\n\n\n<p>Auf unseren Seiten sind Funktionen des Dienstes Twitter eingebunden. \nDiese Funktionen werden angeboten durch die Twitter Inc., 795 Folsom \nSt., Suite 600, San Francisco, CA 94107, USA. Durch das Benutzen von \nTwitter und der Funktion \u201cRe-Tweet\u201d werden die von Ihnen besuchten \nWebseiten mit Ihrem Twitter-Account verkn\u00fcpft und anderen Nutzern \nbekannt gegeben. Dabei werden auch Daten an Twitter \u00fcbertragen.<\/p>\n\n\n\n<p>Wir weisen darauf hin, dass wir als Anbieter der Seiten keine \nKenntnis vom Inhalt der \u00fcbermittelten Daten sowie deren Nutzung durch \nTwitter erhalten. Weitere Informationen hierzu finden Sie in der \nDatenschutzerkl\u00e4rung von Twitter unter http:\/\/twitter.com\/privacy.<\/p>\n\n\n\n<p>Ihre Datenschutzeinstellungen bei Twitter k\u00f6nnen Sie in den \nKonto-Einstellungen unter http:\/\/twitter.com\/account\/settings \u00e4ndern.<\/p>\n\n\n\n<h3 class=\"wp-block-heading\">Datenschutzerkl\u00e4rung f\u00fcr die Nutzung von Google +1<\/h3>\n\n\n\n<p><strong>Erfassung und Weitergabe von Informationen:<\/strong><br>Mithilfe\n der Google +1-Schaltfl\u00e4che k\u00f6nnen Sie Informationen weltweit \nver\u00f6ffentlichen. \u00dcber die Google +1-Schaltfl\u00e4che erhalten Sie und andere\n Nutzer personalisierte Inhalte von Google und unseren Partnern. Google \nspeichert sowohl die Information, dass Sie f\u00fcr einen Inhalt +1 gegeben \nhaben, als auch Informationen \u00fcber die Seite, die Sie beim Klicken auf \n+1 angesehen haben. Ihre +1 k\u00f6nnen als Hinweise zusammen mit Ihrem \nProfilnamen und Ihrem Foto in Google-Diensten, wie etwa in \nSuchergebnissen oder in Ihrem Google-Profil, oder an anderen Stellen auf\n Websites und Anzeigen im Internet eingeblendet werden. Google zeichnet \nInformationen \u00fcber Ihre +1-Aktivit\u00e4ten auf, um die Google-Dienste f\u00fcr \nSie und andere zu verbessern.<\/p>\n\n\n\n<p>Um die Google +1-Schaltfl\u00e4che verwenden zu k\u00f6nnen, ben\u00f6tigen Sie ein \nweltweit sichtbares, \u00f6ffentliches Google-Profil, das zumindest den f\u00fcr \ndas Profil gew\u00e4hlten Namen enthalten muss. Dieser Name wird in allen \nGoogle-Diensten verwendet. In manchen F\u00e4llen kann dieser Name auch einen\n anderen Namen ersetzen, den Sie beim Teilen von Inhalten \u00fcber Ihr \nGoogle-Konto verwendet haben. Die Identit\u00e4t Ihres Google-Profils kann \nNutzern angezeigt werden, die Ihre E-Mail-Adresse kennen oder \u00fcber \nandere identifizierende Informationen von Ihnen verf\u00fcgen.<\/p>\n\n\n\n<p><strong>Verwendung der erfassten Informationen:<\/strong><br>Neben den\n oben erl\u00e4uterten Verwendungszwecken werden die von Ihnen \nbereitgestellten Informationen gem\u00e4\u00df den geltenden \nGoogle-Datenschutzbestimmungen genutzt. Google ver\u00f6ffentlicht \nm\u00f6glicherweise zusammengefasste Statistiken \u00fcber die +1-Aktivit\u00e4ten der \nNutzer bzw. gibt diese an Nutzer und Partner weiter, wie etwa Publisher,\n Inserenten oder verbundene Websites.<\/p>\n\n\n\n<h3 class=\"wp-block-heading\">Datenschutzerkl\u00e4rung f\u00fcr die Nutzung von Google Adsense<\/h3>\n\n\n\n<p>Diese Website benutzt Google AdSense, einen Dienst zum Einbinden von \nWerbeanzeigen der Google Inc. (\u201cGoogle\u201d). Google AdSense verwendet sog. \n\u201cCookies\u201d, Textdateien, die auf Ihrem Computer gespeichert werden und \ndie eine Analyse der Benutzung der Website erm\u00f6glicht. Google AdSense \nverwendet auch so genannte Web Beacons (unsichtbare Grafiken). Durch \ndiese Web Beacons k\u00f6nnen Informationen wie der Besucherverkehr auf \ndiesen Seiten ausgewertet werden. Die durch Cookies und Web Beacons \nerzeugten Informationen \u00fcber die Benutzung dieser Website \n(einschlie\u00dflich Ihrer IP-Adresse) und Auslieferung von Werbeformaten \nwerden an einen Server von Google in den USA \u00fcbertragen und dort \ngespeichert.<\/p>\n\n\n\n<p>Diese Informationen k\u00f6nnen von Google an Vertragspartner von Google \nweiter gegeben werden. Google wird Ihre IP-Adresse jedoch nicht mit \nanderen von Ihnen gespeicherten Daten zusammenf\u00fchren. Sie k\u00f6nnen die \nInstallation der Cookies durch eine entsprechende Einstellung Ihrer \nBrowser Software verhindern; wir weisen Sie jedoch darauf hin, dass Sie \nin diesem Fall gegebenenfalls nicht s\u00e4mtliche Funktionen dieser Website \nvoll umf\u00e4nglich nutzen k\u00f6nnen. Durch die Nutzung dieser Website erkl\u00e4ren\n Sie sich mit der Bearbeitung der \u00fcber Sie erhobenen Daten durch Google \nin der zuvor beschriebenen Art und Weise und zu dem zuvor benannten \nZweck einverstanden.<\/p>\n\n\n\n<h3 class=\"wp-block-heading\">Datenschutzerkl\u00e4rung f\u00fcr die Nutzung von Google Analytics<\/h3>\n\n\n\n<p>Diese Website benutzt Google Analytics, einen Webanalysedienst der \nGoogle Inc. (\u201eGoogle\u201c). Google Analytics verwendet sog. \u201eCookies\u201c, \nTextdateien, die auf Ihrem Computer gespeichert werden und die eine \nAnalyse der Benutzung der Website durch Sie erm\u00f6glichen. Die durch den \nCookie erzeugten Informationen \u00fcber Ihre Benutzung dieser Website werden\n in der Regel an einen Server von Google in den USA \u00fcbertragen und dort \ngespeichert.<\/p>\n\n\n\n<p>Im Falle der Aktivierung der IP-Anonymisierung auf dieser Webseite, \nwird Ihre IP-Adresse von Google jedoch innerhalb von Mitgliedstaaten der\n Europ\u00e4ischen Union oder in anderen Vertragsstaaten des Abkommens \u00fcber \nden Europ\u00e4ischen Wirtschaftsraum zuvor gek\u00fcrzt. Nur in Ausnahmef\u00e4llen \nwird die volle IP-Adresse an einen Server von Google in den USA \n\u00fcbertragen und dort gek\u00fcrzt. Im Auftrag des Betreibers dieser Website \nwird Google diese Informationen benutzen, um Ihre Nutzung der Website \nauszuwerten, um Reports \u00fcber die Websiteaktivit\u00e4ten zusammenzustellen \nund um weitere mit der Websitenutzung und der Internetnutzung verbundene\n Dienstleistungen gegen\u00fcber dem Websitebetreiber zu erbringenDie im \nRahmen von Google Analytics von Ihrem Browser \u00fcbermittelte IP-Adresse \nwird nicht mit anderen Daten von Google zusammengef\u00fchrt. <\/p>\n\n\n\n<p>Sie k\u00f6nnen die Speicherung der Cookies durch eine entsprechende \nEinstellung Ihrer Browser-Software verhindern; wir weisen Sie jedoch \ndarauf hin, dass Sie in diesem Fall gegebenenfalls nicht s\u00e4mtliche \nFunktionen dieser Website vollumf\u00e4nglich werden nutzen k\u00f6nnen. Sie \nk\u00f6nnen dar\u00fcber hinaus die Erfassung der durch das Cookie erzeugten und \nauf Ihre Nutzung der Website bezogenen Daten (inkl. Ihrer IP-Adresse) an\n Google sowie die Verarbeitung dieser Daten durch Google verhindern, \nindem sie das unter dem folgenden Link verf\u00fcgbare Browser-Plugin \nherunterladen und installieren \nhttp:\/\/tools.google.com\/dlpage\/gaoptout?hl=de.Quelle: <a href=\"http:\/\/www.impressumvorlage.de\/rechtssicheres-impressum.html\">rechtssicheres Impressum<\/a>, <a href=\"https:\/\/www.haendlerschutz.com\/news\/software\/shopsoftware\">Shopsoftware<\/a>, <a href=\"http:\/\/www.widerrufsbelehrung.eu\/haendlerschutz.html\">H\u00e4ndlerschutz<\/a><\/p>\n\n\n\n<p><strong>www.congento.com ist ein Service der:<\/strong><\/p>\n\n\n\n<p>W\u00f6sten Softwaregesellschaft mbH<br> Hebel 12<br> D-49733 Haren<br> Tel.: 05932 5860<br> E-Mail: info@woesten.com<\/p>\n\n\n\n<p>HRB Nr: 205672 P, Amtsgericht Osnabr\u00fcck<br> Umsatzsteuer-Identifikationsnummer nach \u00a7 27 a Umsatzsteuergesetz: DE279825018<br> Gesch\u00e4ftsf\u00fchrer: Holger W\u00f6sten<\/p>\n\n\n\n<p>Online-Streitbeilegung gem\u00e4\u00df Art. 14 Abs. 1 ODR-VO: Die Europ\u00e4ische \nKommission stellt eine Plattform zur Online-Streitbeilegung \n(OS-Plattform) bereit. Diese ist zu erreichen unter \nhttp:\/\/ec.europa.eu\/consumers\/odr. Wir sind nicht bereit oder \nverpflichtet, an Streitbeilegungsverfahren vor einer \nVerbraucherschlichtungsstelle teilzunehmen (\u00a7 36 Abs. 1 Nr. 1 VSBG).<\/p>\n","protected":false},"excerpt":{"rendered":"<p>Haftung f\u00fcr Inhalte Die auf den Web-Seiten abrufbaren Beitr\u00e4ge dienen nur der allgemeinen Information und nicht der Beratung in konkreten F\u00e4llen. Wir sind bem\u00fcht, f\u00fcr die Richtigkeit und Aktualit\u00e4t aller auf der Website enthaltenen Informationen und Daten gem\u00e4\u00df \u00a7 7 Abs.1 TMG zu sorgen. F\u00fcr die Korrektheit, die Vollst\u00e4ndigkeit, die Aktualit\u00e4t oder Qualit\u00e4t der bereitgestellten Informationen und Daten wird jedoch &#8230; <a href=\"https:\/\/www.congento.com\/de\/impressumm\/\" class=\"more-link\">Read More<\/a><\/p>\n","protected":false},"author":1,"featured_media":0,"parent":0,"menu_order":0,"comment_status":"closed","ping_status":"closed","template":"","meta":{"footnotes":""},"yoast_head":"<!-- This site is optimized with the Yoast SEO plugin v22.5 - https:\/\/yoast.com\/wordpress\/plugins\/seo\/ -->\n<title>Impressum - Congento DE<\/title>\n<meta name=\"robots\" content=\"index, follow, max-snippet:-1, max-image-preview:large, max-video-preview:-1\" \/>\n<link rel=\"canonical\" href=\"https:\/\/www.congento.com\/de\/impressumm\/\" \/>\n<meta property=\"og:locale\" content=\"de_DE\" \/>\n<meta property=\"og:type\" content=\"article\" \/>\n<meta property=\"og:title\" content=\"Impressum - Congento DE\" \/>\n<meta property=\"og:description\" content=\"Haftung f\u00fcr Inhalte Die auf den Web-Seiten abrufbaren Beitr\u00e4ge dienen nur der allgemeinen Information und nicht der Beratung in konkreten F\u00e4llen. Wir sind bem\u00fcht, f\u00fcr die Richtigkeit und Aktualit\u00e4t aller auf der Website enthaltenen Informationen und Daten gem\u00e4\u00df \u00a7 7 Abs.1 TMG zu sorgen. F\u00fcr die Korrektheit, die Vollst\u00e4ndigkeit, die Aktualit\u00e4t oder Qualit\u00e4t der bereitgestellten Informationen und Daten wird jedoch ... Read More\" \/>\n<meta property=\"og:url\" content=\"https:\/\/www.congento.com\/de\/impressumm\/\" \/>\n<meta property=\"og:site_name\" content=\"Congento DE\" \/>\n<meta property=\"article:modified_time\" content=\"2024-04-25T08:49:38+00:00\" \/>\n<meta name=\"twitter:card\" content=\"summary_large_image\" \/>\n<meta name=\"twitter:label1\" content=\"Gesch\u00e4tzte Lesezeit\" \/>\n\t<meta name=\"twitter:data1\" content=\"9 Minuten\" \/>\n<script type=\"application\/ld+json\" class=\"yoast-schema-graph\">{\"@context\":\"https:\/\/schema.org\",\"@graph\":[{\"@type\":\"WebPage\",\"@id\":\"https:\/\/www.congento.com\/de\/impressumm\/\",\"url\":\"https:\/\/www.congento.com\/de\/impressumm\/\",\"name\":\"Impressum - Congento DE\",\"isPartOf\":{\"@id\":\"https:\/\/www.congento.com\/de\/#website\"},\"datePublished\":\"2020-01-28T21:43:29+00:00\",\"dateModified\":\"2024-04-25T08:49:38+00:00\",\"breadcrumb\":{\"@id\":\"https:\/\/www.congento.com\/de\/impressumm\/#breadcrumb\"},\"inLanguage\":\"de-DE\",\"potentialAction\":[{\"@type\":\"ReadAction\",\"target\":[\"https:\/\/www.congento.com\/de\/impressumm\/\"]}]},{\"@type\":\"BreadcrumbList\",\"@id\":\"https:\/\/www.congento.com\/de\/impressumm\/#breadcrumb\",\"itemListElement\":[{\"@type\":\"ListItem\",\"position\":1,\"name\":\"Startseite\",\"item\":\"https:\/\/www.congento.com\/de\/\"},{\"@type\":\"ListItem\",\"position\":2,\"name\":\"Impressum\"}]},{\"@type\":\"WebSite\",\"@id\":\"https:\/\/www.congento.com\/de\/#website\",\"url\":\"https:\/\/www.congento.com\/de\/\",\"name\":\"Congento DE\",\"description\":\"Deutsche Congento Produkt Seite\",\"potentialAction\":[{\"@type\":\"SearchAction\",\"target\":{\"@type\":\"EntryPoint\",\"urlTemplate\":\"https:\/\/www.congento.com\/de\/?s={search_term_string}\"},\"query-input\":\"required name=search_term_string\"}],\"inLanguage\":\"de-DE\"}]}<\/script>\n<!-- \/ Yoast SEO plugin. -->","yoast_head_json":{"title":"Impressum - Congento DE","robots":{"index":"index","follow":"follow","max-snippet":"max-snippet:-1","max-image-preview":"max-image-preview:large","max-video-preview":"max-video-preview:-1"},"canonical":"https:\/\/www.congento.com\/de\/impressumm\/","og_locale":"de_DE","og_type":"article","og_title":"Impressum - Congento DE","og_description":"Haftung f\u00fcr Inhalte Die auf den Web-Seiten abrufbaren Beitr\u00e4ge dienen nur der allgemeinen Information und nicht der Beratung in konkreten F\u00e4llen. Wir sind bem\u00fcht, f\u00fcr die Richtigkeit und Aktualit\u00e4t aller auf der Website enthaltenen Informationen und Daten gem\u00e4\u00df \u00a7 7 Abs.1 TMG zu sorgen. F\u00fcr die Korrektheit, die Vollst\u00e4ndigkeit, die Aktualit\u00e4t oder Qualit\u00e4t der bereitgestellten Informationen und Daten wird jedoch ... Read More","og_url":"https:\/\/www.congento.com\/de\/impressumm\/","og_site_name":"Congento DE","article_modified_time":"2024-04-25T08:49:38+00:00","twitter_card":"summary_large_image","twitter_misc":{"Gesch\u00e4tzte Lesezeit":"9 Minuten"},"schema":{"@context":"https:\/\/schema.org","@graph":[{"@type":"WebPage","@id":"https:\/\/www.congento.com\/de\/impressumm\/","url":"https:\/\/www.congento.com\/de\/impressumm\/","name":"Impressum - Congento DE","isPartOf":{"@id":"https:\/\/www.congento.com\/de\/#website"},"datePublished":"2020-01-28T21:43:29+00:00","dateModified":"2024-04-25T08:49:38+00:00","breadcrumb":{"@id":"https:\/\/www.congento.com\/de\/impressumm\/#breadcrumb"},"inLanguage":"de-DE","potentialAction":[{"@type":"ReadAction","target":["https:\/\/www.congento.com\/de\/impressumm\/"]}]},{"@type":"BreadcrumbList","@id":"https:\/\/www.congento.com\/de\/impressumm\/#breadcrumb","itemListElement":[{"@type":"ListItem","position":1,"name":"Startseite","item":"https:\/\/www.congento.com\/de\/"},{"@type":"ListItem","position":2,"name":"Impressum"}]},{"@type":"WebSite","@id":"https:\/\/www.congento.com\/de\/#website","url":"https:\/\/www.congento.com\/de\/","name":"Congento DE","description":"Deutsche Congento Produkt Seite","potentialAction":[{"@type":"SearchAction","target":{"@type":"EntryPoint","urlTemplate":"https:\/\/www.congento.com\/de\/?s={search_term_string}"},"query-input":"required name=search_term_string"}],"inLanguage":"de-DE"}]}},"_links":{"self":[{"href":"https:\/\/www.congento.com\/de\/wp-json\/wp\/v2\/pages\/51"}],"collection":[{"href":"https:\/\/www.congento.com\/de\/wp-json\/wp\/v2\/pages"}],"about":[{"href":"https:\/\/www.congento.com\/de\/wp-json\/wp\/v2\/types\/page"}],"author":[{"embeddable":true,"href":"https:\/\/www.congento.com\/de\/wp-json\/wp\/v2\/users\/1"}],"replies":[{"embeddable":true,"href":"https:\/\/www.congento.com\/de\/wp-json\/wp\/v2\/comments?post=51"}],"version-history":[{"count":4,"href":"https:\/\/www.congento.com\/de\/wp-json\/wp\/v2\/pages\/51\/revisions"}],"predecessor-version":[{"id":74,"href":"https:\/\/www.congento.com\/de\/wp-json\/wp\/v2\/pages\/51\/revisions\/74"}],"wp:attachment":[{"href":"https:\/\/www.congento.com\/de\/wp-json\/wp\/v2\/media?parent=51"}],"curies":[{"name":"wp","href":"https:\/\/api.w.org\/{rel}","templated":true}]}}